{"id":985,"date":"2025-10-03T18:39:16","date_gmt":"2025-10-03T18:39:16","guid":{"rendered":"https:\/\/capzul.net\/?page_id=985"},"modified":"2026-04-06T12:09:47","modified_gmt":"2026-04-06T12:09:47","slug":"capzulprotect","status":"publish","type":"page","link":"https:\/\/capzul.net\/es\/capzulprotect\/","title":{"rendered":"CapzulProtect"},"content":{"rendered":"\t\t<div data-elementor-type=\"wp-page\" data-elementor-id=\"985\" class=\"elementor elementor-985\" data-elementor-post-type=\"page\">\n\t\t\t\t<div class=\"elementor-element elementor-element-113bb66 e-flex e-con-boxed e-con e-child\" data-id=\"113bb66\" data-element_type=\"container\" data-e-type=\"container\" data-settings=\"{&quot;background_background&quot;:&quot;gradient&quot;}\">\n\t\t\t\t\t<div class=\"e-con-inner\">\n\t\t<div class=\"elementor-element elementor-element-253850b e-con-full e-flex e-con e-child\" data-id=\"253850b\" data-element_type=\"container\" data-e-type=\"container\" data-settings=\"{&quot;background_background&quot;:&quot;classic&quot;}\">\n\t\t\t\t<div class=\"elementor-element elementor-element-7979c5a elementor-widget elementor-widget-heading\" data-id=\"7979c5a\" data-element_type=\"widget\" data-e-type=\"widget\" data-widget_type=\"heading.default\">\n\t\t\t\t\t<h2 class=\"elementor-heading-title elementor-size-default\"><span class=\"gradient\">CapzulProtect\n<\/span> <\/h2>\t\t\t\t<\/div>\n\t\t\t\t<div class=\"elementor-element elementor-element-746baa2 elementor-widget elementor-widget-heading\" data-id=\"746baa2\" data-element_type=\"widget\" data-e-type=\"widget\" data-widget_type=\"heading.default\">\n\t\t\t\t\t<p class=\"elementor-heading-title elementor-size-default\">Protecci\u00f3n de servidores sin exposici\u00f3n\n<\/p>\t\t\t\t<\/div>\n\t\t\t\t<\/div>\n\t\t\t\t\t<\/div>\n\t\t\t\t<\/div>\n\t\t<div class=\"elementor-element elementor-element-362adba e-flex e-con-boxed e-con e-parent\" data-id=\"362adba\" data-element_type=\"container\" data-e-type=\"container\" data-settings=\"{&quot;background_background&quot;:&quot;classic&quot;}\">\n\t\t\t\t\t<div class=\"e-con-inner\">\n\t\t<div class=\"elementor-element elementor-element-4993386 e-con-full e-flex e-con e-child\" data-id=\"4993386\" data-element_type=\"container\" data-e-type=\"container\">\n\t\t<div class=\"elementor-element elementor-element-8ff136d e-con-full e-flex e-con e-child\" data-id=\"8ff136d\" data-element_type=\"container\" data-e-type=\"container\">\n\t\t<div class=\"elementor-element elementor-element-656d3f9 e-con-full e-flex e-con e-child\" data-id=\"656d3f9\" data-element_type=\"container\" data-e-type=\"container\" data-settings=\"{&quot;background_background&quot;:&quot;classic&quot;}\">\n\t\t\t\t<div class=\"elementor-element elementor-element-86204a4 elementor-widget elementor-widget-image\" data-id=\"86204a4\" data-element_type=\"widget\" data-e-type=\"widget\" data-widget_type=\"image.default\">\n\t\t\t\t\t\t\t\t\t\t\t\t\t\t\t<img decoding=\"async\" width=\"89\" height=\"89\" src=\"https:\/\/capzul.net\/wp-content\/uploads\/2025\/10\/BackgroundShadowxxxx.png\" class=\"attachment-full size-full wp-image-864\" alt=\"\" \/>\t\t\t\t\t\t\t\t\t\t\t\t\t\t\t<\/div>\n\t\t\t\t<div class=\"elementor-element elementor-element-dc8970f elementor-widget__width-initial elementor-widget elementor-widget-heading\" data-id=\"dc8970f\" data-element_type=\"widget\" data-e-type=\"widget\" data-widget_type=\"heading.default\">\n\t\t\t\t\t<h2 class=\"elementor-heading-title elementor-size-default\">CapzulProtect<\/h2>\t\t\t\t<\/div>\n\t\t\t\t<div class=\"elementor-element elementor-element-f400880 elementor-icon-list--layout-traditional elementor-list-item-link-full_width elementor-widget elementor-widget-icon-list\" data-id=\"f400880\" data-element_type=\"widget\" data-e-type=\"widget\" data-widget_type=\"icon-list.default\">\n\t\t\t\t\t\t\t<ul class=\"elementor-icon-list-items\">\n\t\t\t\t\t\t\t<li class=\"elementor-icon-list-item\">\n\t\t\t\t\t\t\t\t\t\t\t<span class=\"elementor-icon-list-icon\">\n\t\t\t\t\t\t\t<svg xmlns=\"http:\/\/www.w3.org\/2000\/svg\" width=\"16\" height=\"16\" viewbox=\"0 0 16 16\" fill=\"none\"><path d=\"M12.2751 1.6499H9.7751C9.60935 1.64994 9.45041 1.71581 9.33323 1.83303L7.9001 3.26615L6.46698 1.83303C6.34979 1.71581 6.19085 1.64994 6.0251 1.6499H3.5251C3.02782 1.6499 2.55091 1.84745 2.19928 2.19908C1.84764 2.55071 1.6501 3.02762 1.6501 3.5249V12.2749C1.6501 12.7722 1.84764 13.2491 2.19928 13.6007C2.55091 13.9524 3.02782 14.1499 3.5251 14.1499H12.2751C12.7724 14.1499 13.2493 13.9524 13.6009 13.6007C13.9526 13.2491 14.1501 12.7722 14.1501 12.2749V3.5249C14.1501 3.02762 13.9526 2.55071 13.6009 2.19908C13.2493 1.84745 12.7724 1.6499 12.2751 1.6499ZM12.9001 12.2749C12.9001 12.4407 12.8343 12.5996 12.717 12.7168C12.5998 12.8341 12.4409 12.8999 12.2751 12.8999H3.5251C3.35934 12.8999 3.20037 12.8341 3.08316 12.7168C2.96595 12.5996 2.9001 12.4407 2.9001 12.2749V3.5249C2.9001 3.35914 2.96595 3.20017 3.08316 3.08296C3.20037 2.96575 3.35934 2.8999 3.5251 2.8999H5.76635L7.45823 4.59178C7.57543 4.70895 7.73437 4.77477 7.9001 4.77477C8.06583 4.77477 8.22477 4.70895 8.34198 4.59178L10.0339 2.8999H12.2751C12.4409 2.8999 12.5998 2.96575 12.717 3.08296C12.8343 3.20017 12.9001 3.35914 12.9001 3.5249V12.2749Z\" fill=\"#2DD4BF\"><\/path><path d=\"M9.95822 6.20804L7.2751 8.89116L6.46697 8.08304C6.34909 7.96919 6.19122 7.90619 6.02735 7.90762C5.86347 7.90904 5.70671 7.97477 5.59083 8.09065C5.47495 8.20653 5.40922 8.36329 5.4078 8.52716C5.40638 8.69104 5.46937 8.84891 5.58322 8.96679L6.83322 10.2168C6.95043 10.334 7.10937 10.3998 7.2751 10.3998C7.44082 10.3998 7.59977 10.334 7.71697 10.2168L10.842 7.09179C10.9558 6.97391 11.0188 6.81603 11.0174 6.65216C11.016 6.48829 10.9502 6.33153 10.8344 6.21565C10.7185 6.09977 10.5617 6.03404 10.3978 6.03262C10.234 6.03119 10.0761 6.09419 9.95822 6.20804Z\" fill=\"#2DD4BF\"><\/path><\/svg>\t\t\t\t\t\t<\/span>\n\t\t\t\t\t\t\t\t\t\t<span class=\"elementor-icon-list-text\">Ocultaci\u00f3n total del servidor<\/span>\n\t\t\t\t\t\t\t\t\t<\/li>\n\t\t\t\t\t\t\t\t<li class=\"elementor-icon-list-item\">\n\t\t\t\t\t\t\t\t\t\t\t<span class=\"elementor-icon-list-icon\">\n\t\t\t\t\t\t\t<svg xmlns=\"http:\/\/www.w3.org\/2000\/svg\" width=\"16\" height=\"16\" viewbox=\"0 0 16 16\" fill=\"none\"><path d=\"M12.2751 1.6499H9.7751C9.60935 1.64994 9.45041 1.71581 9.33323 1.83303L7.9001 3.26615L6.46698 1.83303C6.34979 1.71581 6.19085 1.64994 6.0251 1.6499H3.5251C3.02782 1.6499 2.55091 1.84745 2.19928 2.19908C1.84764 2.55071 1.6501 3.02762 1.6501 3.5249V12.2749C1.6501 12.7722 1.84764 13.2491 2.19928 13.6007C2.55091 13.9524 3.02782 14.1499 3.5251 14.1499H12.2751C12.7724 14.1499 13.2493 13.9524 13.6009 13.6007C13.9526 13.2491 14.1501 12.7722 14.1501 12.2749V3.5249C14.1501 3.02762 13.9526 2.55071 13.6009 2.19908C13.2493 1.84745 12.7724 1.6499 12.2751 1.6499ZM12.9001 12.2749C12.9001 12.4407 12.8343 12.5996 12.717 12.7168C12.5998 12.8341 12.4409 12.8999 12.2751 12.8999H3.5251C3.35934 12.8999 3.20037 12.8341 3.08316 12.7168C2.96595 12.5996 2.9001 12.4407 2.9001 12.2749V3.5249C2.9001 3.35914 2.96595 3.20017 3.08316 3.08296C3.20037 2.96575 3.35934 2.8999 3.5251 2.8999H5.76635L7.45823 4.59178C7.57543 4.70895 7.73437 4.77477 7.9001 4.77477C8.06583 4.77477 8.22477 4.70895 8.34198 4.59178L10.0339 2.8999H12.2751C12.4409 2.8999 12.5998 2.96575 12.717 3.08296C12.8343 3.20017 12.9001 3.35914 12.9001 3.5249V12.2749Z\" fill=\"#2DD4BF\"><\/path><path d=\"M9.95822 6.20804L7.2751 8.89116L6.46697 8.08304C6.34909 7.96919 6.19122 7.90619 6.02735 7.90762C5.86347 7.90904 5.70671 7.97477 5.59083 8.09065C5.47495 8.20653 5.40922 8.36329 5.4078 8.52716C5.40638 8.69104 5.46937 8.84891 5.58322 8.96679L6.83322 10.2168C6.95043 10.334 7.10937 10.3998 7.2751 10.3998C7.44082 10.3998 7.59977 10.334 7.71697 10.2168L10.842 7.09179C10.9558 6.97391 11.0188 6.81603 11.0174 6.65216C11.016 6.48829 10.9502 6.33153 10.8344 6.21565C10.7185 6.09977 10.5617 6.03404 10.3978 6.03262C10.234 6.03119 10.0761 6.09419 9.95822 6.20804Z\" fill=\"#2DD4BF\"><\/path><\/svg>\t\t\t\t\t\t<\/span>\n\t\t\t\t\t\t\t\t\t\t<span class=\"elementor-icon-list-text\">Criptograf\u00eda poscu\u00e1ntica<\/span>\n\t\t\t\t\t\t\t\t\t<\/li>\n\t\t\t\t\t\t\t\t<li class=\"elementor-icon-list-item\">\n\t\t\t\t\t\t\t\t\t\t\t<span class=\"elementor-icon-list-icon\">\n\t\t\t\t\t\t\t<svg xmlns=\"http:\/\/www.w3.org\/2000\/svg\" width=\"16\" height=\"16\" viewbox=\"0 0 16 16\" fill=\"none\"><path d=\"M12.2751 1.6499H9.7751C9.60935 1.64994 9.45041 1.71581 9.33323 1.83303L7.9001 3.26615L6.46698 1.83303C6.34979 1.71581 6.19085 1.64994 6.0251 1.6499H3.5251C3.02782 1.6499 2.55091 1.84745 2.19928 2.19908C1.84764 2.55071 1.6501 3.02762 1.6501 3.5249V12.2749C1.6501 12.7722 1.84764 13.2491 2.19928 13.6007C2.55091 13.9524 3.02782 14.1499 3.5251 14.1499H12.2751C12.7724 14.1499 13.2493 13.9524 13.6009 13.6007C13.9526 13.2491 14.1501 12.7722 14.1501 12.2749V3.5249C14.1501 3.02762 13.9526 2.55071 13.6009 2.19908C13.2493 1.84745 12.7724 1.6499 12.2751 1.6499ZM12.9001 12.2749C12.9001 12.4407 12.8343 12.5996 12.717 12.7168C12.5998 12.8341 12.4409 12.8999 12.2751 12.8999H3.5251C3.35934 12.8999 3.20037 12.8341 3.08316 12.7168C2.96595 12.5996 2.9001 12.4407 2.9001 12.2749V3.5249C2.9001 3.35914 2.96595 3.20017 3.08316 3.08296C3.20037 2.96575 3.35934 2.8999 3.5251 2.8999H5.76635L7.45823 4.59178C7.57543 4.70895 7.73437 4.77477 7.9001 4.77477C8.06583 4.77477 8.22477 4.70895 8.34198 4.59178L10.0339 2.8999H12.2751C12.4409 2.8999 12.5998 2.96575 12.717 3.08296C12.8343 3.20017 12.9001 3.35914 12.9001 3.5249V12.2749Z\" fill=\"#2DD4BF\"><\/path><path d=\"M9.95822 6.20804L7.2751 8.89116L6.46697 8.08304C6.34909 7.96919 6.19122 7.90619 6.02735 7.90762C5.86347 7.90904 5.70671 7.97477 5.59083 8.09065C5.47495 8.20653 5.40922 8.36329 5.4078 8.52716C5.40638 8.69104 5.46937 8.84891 5.58322 8.96679L6.83322 10.2168C6.95043 10.334 7.10937 10.3998 7.2751 10.3998C7.44082 10.3998 7.59977 10.334 7.71697 10.2168L10.842 7.09179C10.9558 6.97391 11.0188 6.81603 11.0174 6.65216C11.016 6.48829 10.9502 6.33153 10.8344 6.21565C10.7185 6.09977 10.5617 6.03404 10.3978 6.03262C10.234 6.03119 10.0761 6.09419 9.95822 6.20804Z\" fill=\"#2DD4BF\"><\/path><\/svg>\t\t\t\t\t\t<\/span>\n\t\t\t\t\t\t\t\t\t\t<span class=\"elementor-icon-list-text\">No se necesitan integraciones complejas<\/span>\n\t\t\t\t\t\t\t\t\t<\/li>\n\t\t\t\t\t\t\t\t<li class=\"elementor-icon-list-item\">\n\t\t\t\t\t\t\t\t\t\t\t<span class=\"elementor-icon-list-icon\">\n\t\t\t\t\t\t\t<svg xmlns=\"http:\/\/www.w3.org\/2000\/svg\" width=\"16\" height=\"16\" viewbox=\"0 0 16 16\" fill=\"none\"><path d=\"M12.2751 1.6499H9.7751C9.60935 1.64994 9.45041 1.71581 9.33323 1.83303L7.9001 3.26615L6.46698 1.83303C6.34979 1.71581 6.19085 1.64994 6.0251 1.6499H3.5251C3.02782 1.6499 2.55091 1.84745 2.19928 2.19908C1.84764 2.55071 1.6501 3.02762 1.6501 3.5249V12.2749C1.6501 12.7722 1.84764 13.2491 2.19928 13.6007C2.55091 13.9524 3.02782 14.1499 3.5251 14.1499H12.2751C12.7724 14.1499 13.2493 13.9524 13.6009 13.6007C13.9526 13.2491 14.1501 12.7722 14.1501 12.2749V3.5249C14.1501 3.02762 13.9526 2.55071 13.6009 2.19908C13.2493 1.84745 12.7724 1.6499 12.2751 1.6499ZM12.9001 12.2749C12.9001 12.4407 12.8343 12.5996 12.717 12.7168C12.5998 12.8341 12.4409 12.8999 12.2751 12.8999H3.5251C3.35934 12.8999 3.20037 12.8341 3.08316 12.7168C2.96595 12.5996 2.9001 12.4407 2.9001 12.2749V3.5249C2.9001 3.35914 2.96595 3.20017 3.08316 3.08296C3.20037 2.96575 3.35934 2.8999 3.5251 2.8999H5.76635L7.45823 4.59178C7.57543 4.70895 7.73437 4.77477 7.9001 4.77477C8.06583 4.77477 8.22477 4.70895 8.34198 4.59178L10.0339 2.8999H12.2751C12.4409 2.8999 12.5998 2.96575 12.717 3.08296C12.8343 3.20017 12.9001 3.35914 12.9001 3.5249V12.2749Z\" fill=\"#2DD4BF\"><\/path><path d=\"M9.95822 6.20804L7.2751 8.89116L6.46697 8.08304C6.34909 7.96919 6.19122 7.90619 6.02735 7.90762C5.86347 7.90904 5.70671 7.97477 5.59083 8.09065C5.47495 8.20653 5.40922 8.36329 5.4078 8.52716C5.40638 8.69104 5.46937 8.84891 5.58322 8.96679L6.83322 10.2168C6.95043 10.334 7.10937 10.3998 7.2751 10.3998C7.44082 10.3998 7.59977 10.334 7.71697 10.2168L10.842 7.09179C10.9558 6.97391 11.0188 6.81603 11.0174 6.65216C11.016 6.48829 10.9502 6.33153 10.8344 6.21565C10.7185 6.09977 10.5617 6.03404 10.3978 6.03262C10.234 6.03119 10.0761 6.09419 9.95822 6.20804Z\" fill=\"#2DD4BF\"><\/path><\/svg>\t\t\t\t\t\t<\/span>\n\t\t\t\t\t\t\t\t\t\t<span class=\"elementor-icon-list-text\">No hay puertos abiertos ni servicios expuestos<\/span>\n\t\t\t\t\t\t\t\t\t<\/li>\n\t\t\t\t\t\t\t\t<li class=\"elementor-icon-list-item\">\n\t\t\t\t\t\t\t\t\t\t\t<span class=\"elementor-icon-list-icon\">\n\t\t\t\t\t\t\t<svg xmlns=\"http:\/\/www.w3.org\/2000\/svg\" width=\"16\" height=\"16\" viewbox=\"0 0 16 16\" fill=\"none\"><path d=\"M12.2751 1.6499H9.7751C9.60935 1.64994 9.45041 1.71581 9.33323 1.83303L7.9001 3.26615L6.46698 1.83303C6.34979 1.71581 6.19085 1.64994 6.0251 1.6499H3.5251C3.02782 1.6499 2.55091 1.84745 2.19928 2.19908C1.84764 2.55071 1.6501 3.02762 1.6501 3.5249V12.2749C1.6501 12.7722 1.84764 13.2491 2.19928 13.6007C2.55091 13.9524 3.02782 14.1499 3.5251 14.1499H12.2751C12.7724 14.1499 13.2493 13.9524 13.6009 13.6007C13.9526 13.2491 14.1501 12.7722 14.1501 12.2749V3.5249C14.1501 3.02762 13.9526 2.55071 13.6009 2.19908C13.2493 1.84745 12.7724 1.6499 12.2751 1.6499ZM12.9001 12.2749C12.9001 12.4407 12.8343 12.5996 12.717 12.7168C12.5998 12.8341 12.4409 12.8999 12.2751 12.8999H3.5251C3.35934 12.8999 3.20037 12.8341 3.08316 12.7168C2.96595 12.5996 2.9001 12.4407 2.9001 12.2749V3.5249C2.9001 3.35914 2.96595 3.20017 3.08316 3.08296C3.20037 2.96575 3.35934 2.8999 3.5251 2.8999H5.76635L7.45823 4.59178C7.57543 4.70895 7.73437 4.77477 7.9001 4.77477C8.06583 4.77477 8.22477 4.70895 8.34198 4.59178L10.0339 2.8999H12.2751C12.4409 2.8999 12.5998 2.96575 12.717 3.08296C12.8343 3.20017 12.9001 3.35914 12.9001 3.5249V12.2749Z\" fill=\"#2DD4BF\"><\/path><path d=\"M9.95822 6.20804L7.2751 8.89116L6.46697 8.08304C6.34909 7.96919 6.19122 7.90619 6.02735 7.90762C5.86347 7.90904 5.70671 7.97477 5.59083 8.09065C5.47495 8.20653 5.40922 8.36329 5.4078 8.52716C5.40638 8.69104 5.46937 8.84891 5.58322 8.96679L6.83322 10.2168C6.95043 10.334 7.10937 10.3998 7.2751 10.3998C7.44082 10.3998 7.59977 10.334 7.71697 10.2168L10.842 7.09179C10.9558 6.97391 11.0188 6.81603 11.0174 6.65216C11.016 6.48829 10.9502 6.33153 10.8344 6.21565C10.7185 6.09977 10.5617 6.03404 10.3978 6.03262C10.234 6.03119 10.0761 6.09419 9.95822 6.20804Z\" fill=\"#2DD4BF\"><\/path><\/svg>\t\t\t\t\t\t<\/span>\n\t\t\t\t\t\t\t\t\t\t<span class=\"elementor-icon-list-text\">Funcionamiento sin DNS<\/span>\n\t\t\t\t\t\t\t\t\t<\/li>\n\t\t\t\t\t\t<\/ul>\n\t\t\t\t\t\t<\/div>\n\t\t\t\t<div class=\"elementor-element elementor-element-c17a20f elementor-align-center elementor-widget elementor-widget-button\" data-id=\"c17a20f\" data-element_type=\"widget\" data-e-type=\"widget\" data-widget_type=\"button.default\">\n\t\t\t\t\t\t\t\t\t\t<a class=\"elementor-button elementor-button-link elementor-size-sm elementor-animation-grow\" href=\"https:\/\/capzul.net\/es\/contact\/\">\n\t\t\t\t\t\t<span class=\"elementor-button-content-wrapper\">\n\t\t\t\t\t\t<span class=\"elementor-button-icon\">\n\t\t\t\t<svg aria-hidden=\"true\" class=\"e-font-icon-svg e-fas-arrow-right\" viewbox=\"0 0 448 512\" xmlns=\"http:\/\/www.w3.org\/2000\/svg\"><path d=\"M190.5 66.9l22.2-22.2c9.4-9.4 24.6-9.4 33.9 0L441 239c9.4 9.4 9.4 24.6 0 33.9L246.6 467.3c-9.4 9.4-24.6 9.4-33.9 0l-22.2-22.2c-9.5-9.5-9.3-25 .4-34.3L311.4 296H24c-13.3 0-24-10.7-24-24v-32c0-13.3 10.7-24 24-24h287.4L190.9 101.2c-9.8-9.3-10-24.8-.4-34.3z\"><\/path><\/svg>\t\t\t<\/span>\n\t\t\t\t\t\t\t\t\t<span class=\"elementor-button-text\">Solicita una demostraci\u00f3n<\/span>\n\t\t\t\t\t<\/span>\n\t\t\t\t\t<\/a>\n\t\t\t\t\t\t\t\t<\/div>\n\t\t\t\t<\/div>\n\t\t\t\t<\/div>\n\t\t<div class=\"elementor-element elementor-element-a5a91f6 e-con-full e-flex e-con e-child\" data-id=\"a5a91f6\" data-element_type=\"container\" data-e-type=\"container\">\n\t\t\t\t<div class=\"elementor-element elementor-element-f36b7ab elementor-widget elementor-widget-html\" data-id=\"f36b7ab\" data-element_type=\"widget\" data-e-type=\"widget\" data-widget_type=\"html.default\">\n\t\t\t\t\t<style>\n.cp-inline h2 {\n  font-size: clamp(26px, 3vw, 36px);\n  margin: 0 0 12px 0;\n  line-height: 1.15;\n  color: #ffffff; \/* make title white *\/\n}\n\n.cp-inline .line {\n  display: block; \/* force line break *\/\n}\n\n.cp-inline p {\n  color: #c8c8d3;\n  line-height: 1.65;\n  font-size: 16px;\n  margin: 0 0 14px 0;\n}\n\n.cp-inline-grid {\n  display: grid;\n  gap: 14px;\n  margin-top: 20px;\n}\n\n.cp-inline-card {\n  padding: 18px;\n  border: 1px solid rgba(255,255,255,0.16);\n  border-radius: 12px;\n  background: rgba(17,24,39,1); \/* your requested color *\/\n  box-shadow: 0 8px 24px rgba(0,0,0,0.18);\n}\n\n.cp-inline-card strong {\n  display: block;\n  margin-bottom: 8px;\n  color: #ffffff;\n  font-size: 17px;\n}\n\n.cp-inline-card p {\n  margin: 0;\n}\n<\/style>\n\n<div class=\"cp-inline\">\n\n  <h2>\n    <span class=\"line\">Deja de defender los servidores visibles.<\/span>\n    <span class=\"line\">Elimina la exposici\u00f3n.<\/span>\n  <\/h2>\n\n  <p>\n    CapzulProtect oculta los servidores a la red p\u00fablica de Internet al eliminar la exposici\u00f3n de las direcciones IP p\u00fablicas y los puertos de entrada abiertos.\n    El resultado es un entorno de servidores totalmente oculto y aislado, sin superficie de ataque externa.\n  <\/p>\n\n  <p>\n    La mayor\u00eda de las soluciones de seguridad para servidores intentan proteger una infraestructura que sigue siendo visible para los atacantes.\n    CapzulProtect adopta un enfoque diferente. Elimina por completo esa visibilidad, acabando as\u00ed con el punto de entrada del que se valen los atacantes.\n  <\/p>\n\n  <p>\n    Cuando un servidor no es visible, no puede ser objeto de ataques directos. Esto no solo protege el propio servidor, sino que tambi\u00e9n contribuye a proteger el entorno m\u00e1s amplio que hay detr\u00e1s de \u00e9l.\n  <\/p>\n\n  <div class=\"cp-inline-grid\">\n\n    <div class=\"cp-inline-card\">\n      <strong>Sin exposici\u00f3n p\u00fablica<\/strong>\n      <p>\n        El servidor ya no es visible p\u00fablicamente en Internet. No hay nada que escanear, enumerar ni atacar.\n      <\/p>\n    <\/div>\n\n    <div class=\"cp-inline-card\">\n      <strong>Sin superficie de ataque entrante<\/strong>\n      <p>\n        Al eliminar los puertos de entrada abiertos y la accesibilidad externa directa, CapzulProtect impide que el tr\u00e1fico no autorizado llegue al servidor.\n      <\/p>\n    <\/div>\n\n    <div class=\"cp-inline-card\">\n      <strong>Protecci\u00f3n m\u00e1s all\u00e1 del servidor<\/strong>\n      <p>\n        Al ocultar el punto de entrada, CapzulProtect tambi\u00e9n ayuda a proteger los sistemas internos y los datos confidenciales que se encuentran detr\u00e1s del servidor frente a amenazas externas.\n      <\/p>\n    <\/div>\n\n  <\/div>\n\n<\/div>\t\t\t\t<\/div>\n\t\t\t\t<\/div>\n\t\t\t\t<\/div>\n\t\t<div class=\"elementor-element elementor-element-4e2ef9b e-con-full e-flex e-con e-child\" data-id=\"4e2ef9b\" data-element_type=\"container\" data-e-type=\"container\">\n\t\t\t\t<div class=\"elementor-element elementor-element-b896fd7 elementor-widget elementor-widget-html\" data-id=\"b896fd7\" data-element_type=\"widget\" data-e-type=\"widget\" data-widget_type=\"html.default\">\n\t\t\t\t\t<style>\n.cp-full {\n  max-width: 1100px;\n  margin: 0 auto;\n}\n\n.cp-full h2 {\n  font-size: clamp(26px, 3vw, 36px);\n  margin-bottom: 16px;\n  color: #ffffff;\n  line-height: 1.15;\n}\n\n.cp-full p {\n  color: #c8c8d3;\n  line-height: 1.7;\n  margin-bottom: 14px;\n  font-size: 16px;\n}\n\n.cp-full-grid {\n  display: grid;\n  grid-template-columns: repeat(3, 1fr);\n  gap: 16px;\n  margin-top: 24px;\n}\n\n.cp-full-card {\n  padding: 20px;\n  border-radius: 12px;\n  background: rgba(17,24,39,1);\n  border: 1px solid rgba(255,255,255,0.12);\n}\n\n.cp-full-card h3 {\n  margin-bottom: 10px;\n  color: #ffffff;\n  font-size: 18px;\n  line-height: 1.2;\n}\n\n.cp-full-card p {\n  margin: 0;\n}\n<\/style>\n\n<div class=\"cp-full\">\n\n  <h2>Por qu\u00e9 la seguridad tradicional de los servidores se queda corta<\/h2>\n\n  <p>\n    La seguridad tradicional de los servidores sigue partiendo de la base de que existe una exposici\u00f3n. Los cortafuegos, los filtros y las herramientas de supervisi\u00f3n se disponen en capas alrededor de una infraestructura a la que se puede acceder desde la red p\u00fablica de Internet.\n  <\/p>\n\n  <p>\n    Eso significa que los atacantes a\u00fan tienen algo que descubrir.\n  <\/p>\n\n  <p>\n    CapzulProtect cambia ese modelo al ocultar por completo el servidor a la vista del p\u00fablico. En lugar de protegerlo contra la exposici\u00f3n, la elimina.\n  <\/p>\n\n  <p>\n    Al ocultar el punto de entrada, CapzulProtect no solo protege el propio servidor web, sino que tambi\u00e9n contribuye a proteger la red en su conjunto que se encuentra detr\u00e1s de \u00e9l, reduciendo el riesgo de que se pueda acceder a los sistemas internos y a los datos confidenciales a trav\u00e9s de una ruta del servidor expuesta.\n  <\/p>\n\n  <div class=\"cp-full-grid\">\n\n    <div class=\"cp-full-card\">\n      <h3>Modelo tradicional<\/h3>\n      <p>Infraestructura visible, puntos de entrada expuestos y defensa reactiva.<\/p>\n    <\/div>\n\n    <div class=\"cp-full-card\">\n      <h3>Modelo CapzulProtect<\/h3>\n      <p>Infraestructura invisible, sin puntos de acceso y prevenci\u00f3n integrada en el dise\u00f1o.<\/p>\n    <\/div>\n\n    <div class=\"cp-full-card\">\n      <h3>Ventajas de la implementaci\u00f3n<\/h3>\n      <p>Una protecci\u00f3n m\u00e1s s\u00f3lida sin integraciones complejas ni grandes cambios en la infraestructura.<\/p>\n    <\/div>\n\n  <\/div>\n\n<\/div>\t\t\t\t<\/div>\n\t\t\t\t<\/div>\n\t\t\t\t\t<\/div>\n\t\t\t\t<\/div>\n\t\t\t\t<\/div>\n\t\t","protected":false},"excerpt":{"rendered":"<p>CapzulProtect: protecci\u00f3n de servidores sin exposici\u00f3n CapzulProtect: ocultaci\u00f3n completa de servidores Criptograf\u00eda poscu\u00e1ntica No requiere integraciones complejas Sin puertos abiertos ni servicios expuestos Funcionamiento sin DNS Solicita una demostraci\u00f3n Deja de defender servidores visibles. Elimina la exposici\u00f3n. CapzulProtect hace que los servidores sean invisibles para la Internet p\u00fablica al eliminar la exposici\u00f3n de la IP p\u00fablica y los puertos de entrada abiertos. El resultado es un sistema completamente oculto, [\u2026]<\/p>\n","protected":false},"author":1,"featured_media":0,"parent":0,"menu_order":0,"comment_status":"closed","ping_status":"closed","template":"","meta":{"footnotes":""},"class_list":["post-985","page","type-page","status-publish","hentry"],"_links":{"self":[{"href":"https:\/\/capzul.net\/wp-json\/wp\/v2\/pages\/985","targetHints":{"allow":["GET"]}}],"collection":[{"href":"https:\/\/capzul.net\/wp-json\/wp\/v2\/pages"}],"about":[{"href":"https:\/\/capzul.net\/wp-json\/wp\/v2\/types\/page"}],"author":[{"embeddable":true,"href":"https:\/\/capzul.net\/wp-json\/wp\/v2\/users\/1"}],"replies":[{"embeddable":true,"href":"https:\/\/capzul.net\/wp-json\/wp\/v2\/comments?post=985"}],"version-history":[{"count":28,"href":"https:\/\/capzul.net\/wp-json\/wp\/v2\/pages\/985\/revisions"}],"predecessor-version":[{"id":2741,"href":"https:\/\/capzul.net\/wp-json\/wp\/v2\/pages\/985\/revisions\/2741"}],"wp:attachment":[{"href":"https:\/\/capzul.net\/wp-json\/wp\/v2\/media?parent=985"}],"curies":[{"name":"wp","href":"https:\/\/api.w.org\/{rel}","templated":true}]}}