{"id":1000,"date":"2025-10-03T19:41:17","date_gmt":"2025-10-03T19:41:17","guid":{"rendered":"https:\/\/capzul.net\/?page_id=1000"},"modified":"2026-03-10T16:37:05","modified_gmt":"2026-03-10T16:37:05","slug":"licensing","status":"publish","type":"page","link":"https:\/\/capzul.net\/es\/licensing\/","title":{"rendered":"Licensing\u200b"},"content":{"rendered":"\t\t<div data-elementor-type=\"wp-page\" data-elementor-id=\"1000\" class=\"elementor elementor-1000\" data-elementor-post-type=\"page\">\n\t\t\t\t<div class=\"elementor-element elementor-element-be27a7d e-flex e-con-boxed e-con e-child\" data-id=\"be27a7d\" data-element_type=\"container\" data-e-type=\"container\" data-settings=\"{&quot;background_background&quot;:&quot;gradient&quot;}\">\n\t\t\t\t\t<div class=\"e-con-inner\">\n\t\t<div class=\"elementor-element elementor-element-61f1859 e-con-full e-flex e-con e-child\" data-id=\"61f1859\" data-element_type=\"container\" data-e-type=\"container\" data-settings=\"{&quot;background_background&quot;:&quot;classic&quot;}\">\n\t\t\t\t<div class=\"elementor-element elementor-element-790a7b4 elementor-widget elementor-widget-heading\" data-id=\"790a7b4\" data-element_type=\"widget\" data-e-type=\"widget\" data-widget_type=\"heading.default\">\n\t\t\t\t\t<h2 class=\"elementor-heading-title elementor-size-default\"><span class=\"gradient\">Licencias\n<\/span> <\/h2>\t\t\t\t<\/div>\n\t\t\t\t<div class=\"elementor-element elementor-element-6bb11ce elementor-widget elementor-widget-heading\" data-id=\"6bb11ce\" data-element_type=\"widget\" data-e-type=\"widget\" data-widget_type=\"heading.default\">\n\t\t\t\t\t<p class=\"elementor-heading-title elementor-size-default\">Colabora con Capzul Technology<\/p>\t\t\t\t<\/div>\n\t\t\t\t<\/div>\n\t\t\t\t<div class=\"elementor-element elementor-element-728a6ec elementor-widget__width-initial elementor-widget-mobile__width-inherit elementor-widget elementor-widget-heading\" data-id=\"728a6ec\" data-element_type=\"widget\" data-e-type=\"widget\" data-widget_type=\"heading.default\">\n\t\t\t\t\t<p class=\"elementor-heading-title elementor-size-default\">Oportunidades exclusivas de licencia para\nproveedores de servicios gestionados (MSP) e integradores de sistemas,\npara que puedan ofrecer\nla revolucionaria tecnolog\u00eda de invisibilidad de Capzul\na sus clientes.<\/p>\t\t\t\t<\/div>\n\t\t\t\t\t<\/div>\n\t\t\t\t<\/div>\n\t\t<div class=\"elementor-element elementor-element-0a682c3 e-flex e-con-boxed e-con e-parent\" data-id=\"0a682c3\" data-element_type=\"container\" data-e-type=\"container\" data-settings=\"{&quot;background_background&quot;:&quot;classic&quot;}\">\n\t\t\t\t\t<div class=\"e-con-inner\">\n\t\t<div class=\"elementor-element elementor-element-226e76d e-grid e-con-full e-con e-child\" data-id=\"226e76d\" data-element_type=\"container\" data-e-type=\"container\" data-settings=\"{&quot;background_background&quot;:&quot;classic&quot;}\">\n\t\t<div class=\"elementor-element elementor-element-38e90ff e-con-full e-flex e-con e-child\" data-id=\"38e90ff\" data-element_type=\"container\" data-e-type=\"container\" data-settings=\"{&quot;background_background&quot;:&quot;classic&quot;}\">\n\t\t\t\t<div class=\"elementor-element elementor-element-475462b elementor-widget elementor-widget-image\" data-id=\"475462b\" data-element_type=\"widget\" data-e-type=\"widget\" data-widget_type=\"image.default\">\n\t\t\t\t\t\t\t\t\t\t\t\t\t\t\t<img decoding=\"async\" width=\"89\" height=\"89\" src=\"https:\/\/capzul.net\/wp-content\/uploads\/2025\/10\/BackgroundShadow.png\" class=\"attachment-full size-full wp-image-863\" alt=\"\" \/>\t\t\t\t\t\t\t\t\t\t\t\t\t\t\t<\/div>\n\t\t\t\t<div class=\"elementor-element elementor-element-832afff elementor-widget__width-initial elementor-widget elementor-widget-heading\" data-id=\"832afff\" data-element_type=\"widget\" data-e-type=\"widget\" data-widget_type=\"heading.default\">\n\t\t\t\t\t<h2 class=\"elementor-heading-title elementor-size-default\">Licencias<\/h2>\t\t\t\t<\/div>\n\t\t\t\t<div class=\"elementor-element elementor-element-2243f89 elementor-widget-mobile__width-initial elementor-icon-list--layout-traditional elementor-list-item-link-full_width elementor-widget elementor-widget-icon-list\" data-id=\"2243f89\" data-element_type=\"widget\" data-e-type=\"widget\" data-widget_type=\"icon-list.default\">\n\t\t\t\t\t\t\t<ul class=\"elementor-icon-list-items\">\n\t\t\t\t\t\t\t<li class=\"elementor-icon-list-item\">\n\t\t\t\t\t\t\t\t\t\t\t<span class=\"elementor-icon-list-icon\">\n\t\t\t\t\t\t\t<svg xmlns=\"http:\/\/www.w3.org\/2000\/svg\" width=\"16\" height=\"16\" viewbox=\"0 0 16 16\" fill=\"none\"><path d=\"M12.2751 1.6499H9.7751C9.60935 1.64994 9.45041 1.71581 9.33323 1.83303L7.9001 3.26615L6.46698 1.83303C6.34979 1.71581 6.19085 1.64994 6.0251 1.6499H3.5251C3.02782 1.6499 2.55091 1.84745 2.19928 2.19908C1.84764 2.55071 1.6501 3.02762 1.6501 3.5249V12.2749C1.6501 12.7722 1.84764 13.2491 2.19928 13.6007C2.55091 13.9524 3.02782 14.1499 3.5251 14.1499H12.2751C12.7724 14.1499 13.2493 13.9524 13.6009 13.6007C13.9526 13.2491 14.1501 12.7722 14.1501 12.2749V3.5249C14.1501 3.02762 13.9526 2.55071 13.6009 2.19908C13.2493 1.84745 12.7724 1.6499 12.2751 1.6499ZM12.9001 12.2749C12.9001 12.4407 12.8343 12.5996 12.717 12.7168C12.5998 12.8341 12.4409 12.8999 12.2751 12.8999H3.5251C3.35934 12.8999 3.20037 12.8341 3.08316 12.7168C2.96595 12.5996 2.9001 12.4407 2.9001 12.2749V3.5249C2.9001 3.35914 2.96595 3.20017 3.08316 3.08296C3.20037 2.96575 3.35934 2.8999 3.5251 2.8999H5.76635L7.45823 4.59178C7.57543 4.70895 7.73437 4.77477 7.9001 4.77477C8.06583 4.77477 8.22477 4.70895 8.34198 4.59178L10.0339 2.8999H12.2751C12.4409 2.8999 12.5998 2.96575 12.717 3.08296C12.8343 3.20017 12.9001 3.35914 12.9001 3.5249V12.2749Z\" fill=\"#2DD4BF\"><\/path><path d=\"M9.95822 6.20804L7.2751 8.89116L6.46697 8.08304C6.34909 7.96919 6.19122 7.90619 6.02735 7.90762C5.86347 7.90904 5.70671 7.97477 5.59083 8.09065C5.47495 8.20653 5.40922 8.36329 5.4078 8.52716C5.40638 8.69104 5.46937 8.84891 5.58322 8.96679L6.83322 10.2168C6.95043 10.334 7.10937 10.3998 7.2751 10.3998C7.44082 10.3998 7.59977 10.334 7.71697 10.2168L10.842 7.09179C10.9558 6.97391 11.0188 6.81603 11.0174 6.65216C11.016 6.48829 10.9502 6.33153 10.8344 6.21565C10.7185 6.09977 10.5617 6.03404 10.3978 6.03262C10.234 6.03119 10.0761 6.09419 9.95822 6.20804Z\" fill=\"#2DD4BF\"><\/path><\/svg>\t\t\t\t\t\t<\/span>\n\t\t\t\t\t\t\t\t\t\t<span class=\"elementor-icon-list-text\">Soluciones de marca blanca<\/span>\n\t\t\t\t\t\t\t\t\t<\/li>\n\t\t\t\t\t\t\t\t<li class=\"elementor-icon-list-item\">\n\t\t\t\t\t\t\t\t\t\t\t<span class=\"elementor-icon-list-icon\">\n\t\t\t\t\t\t\t<svg xmlns=\"http:\/\/www.w3.org\/2000\/svg\" width=\"16\" height=\"16\" viewbox=\"0 0 16 16\" fill=\"none\"><path d=\"M12.2751 1.6499H9.7751C9.60935 1.64994 9.45041 1.71581 9.33323 1.83303L7.9001 3.26615L6.46698 1.83303C6.34979 1.71581 6.19085 1.64994 6.0251 1.6499H3.5251C3.02782 1.6499 2.55091 1.84745 2.19928 2.19908C1.84764 2.55071 1.6501 3.02762 1.6501 3.5249V12.2749C1.6501 12.7722 1.84764 13.2491 2.19928 13.6007C2.55091 13.9524 3.02782 14.1499 3.5251 14.1499H12.2751C12.7724 14.1499 13.2493 13.9524 13.6009 13.6007C13.9526 13.2491 14.1501 12.7722 14.1501 12.2749V3.5249C14.1501 3.02762 13.9526 2.55071 13.6009 2.19908C13.2493 1.84745 12.7724 1.6499 12.2751 1.6499ZM12.9001 12.2749C12.9001 12.4407 12.8343 12.5996 12.717 12.7168C12.5998 12.8341 12.4409 12.8999 12.2751 12.8999H3.5251C3.35934 12.8999 3.20037 12.8341 3.08316 12.7168C2.96595 12.5996 2.9001 12.4407 2.9001 12.2749V3.5249C2.9001 3.35914 2.96595 3.20017 3.08316 3.08296C3.20037 2.96575 3.35934 2.8999 3.5251 2.8999H5.76635L7.45823 4.59178C7.57543 4.70895 7.73437 4.77477 7.9001 4.77477C8.06583 4.77477 8.22477 4.70895 8.34198 4.59178L10.0339 2.8999H12.2751C12.4409 2.8999 12.5998 2.96575 12.717 3.08296C12.8343 3.20017 12.9001 3.35914 12.9001 3.5249V12.2749Z\" fill=\"#2DD4BF\"><\/path><path d=\"M9.95822 6.20804L7.2751 8.89116L6.46697 8.08304C6.34909 7.96919 6.19122 7.90619 6.02735 7.90762C5.86347 7.90904 5.70671 7.97477 5.59083 8.09065C5.47495 8.20653 5.40922 8.36329 5.4078 8.52716C5.40638 8.69104 5.46937 8.84891 5.58322 8.96679L6.83322 10.2168C6.95043 10.334 7.10937 10.3998 7.2751 10.3998C7.44082 10.3998 7.59977 10.334 7.71697 10.2168L10.842 7.09179C10.9558 6.97391 11.0188 6.81603 11.0174 6.65216C11.016 6.48829 10.9502 6.33153 10.8344 6.21565C10.7185 6.09977 10.5617 6.03404 10.3978 6.03262C10.234 6.03119 10.0761 6.09419 9.95822 6.20804Z\" fill=\"#2DD4BF\"><\/path><\/svg>\t\t\t\t\t\t<\/span>\n\t\t\t\t\t\t\t\t\t\t<span class=\"elementor-icon-list-text\">Formaci\u00f3n integral<\/span>\n\t\t\t\t\t\t\t\t\t<\/li>\n\t\t\t\t\t\t\t\t<li class=\"elementor-icon-list-item\">\n\t\t\t\t\t\t\t\t\t\t\t<span class=\"elementor-icon-list-icon\">\n\t\t\t\t\t\t\t<svg xmlns=\"http:\/\/www.w3.org\/2000\/svg\" width=\"16\" height=\"16\" viewbox=\"0 0 16 16\" fill=\"none\"><path d=\"M12.2751 1.6499H9.7751C9.60935 1.64994 9.45041 1.71581 9.33323 1.83303L7.9001 3.26615L6.46698 1.83303C6.34979 1.71581 6.19085 1.64994 6.0251 1.6499H3.5251C3.02782 1.6499 2.55091 1.84745 2.19928 2.19908C1.84764 2.55071 1.6501 3.02762 1.6501 3.5249V12.2749C1.6501 12.7722 1.84764 13.2491 2.19928 13.6007C2.55091 13.9524 3.02782 14.1499 3.5251 14.1499H12.2751C12.7724 14.1499 13.2493 13.9524 13.6009 13.6007C13.9526 13.2491 14.1501 12.7722 14.1501 12.2749V3.5249C14.1501 3.02762 13.9526 2.55071 13.6009 2.19908C13.2493 1.84745 12.7724 1.6499 12.2751 1.6499ZM12.9001 12.2749C12.9001 12.4407 12.8343 12.5996 12.717 12.7168C12.5998 12.8341 12.4409 12.8999 12.2751 12.8999H3.5251C3.35934 12.8999 3.20037 12.8341 3.08316 12.7168C2.96595 12.5996 2.9001 12.4407 2.9001 12.2749V3.5249C2.9001 3.35914 2.96595 3.20017 3.08316 3.08296C3.20037 2.96575 3.35934 2.8999 3.5251 2.8999H5.76635L7.45823 4.59178C7.57543 4.70895 7.73437 4.77477 7.9001 4.77477C8.06583 4.77477 8.22477 4.70895 8.34198 4.59178L10.0339 2.8999H12.2751C12.4409 2.8999 12.5998 2.96575 12.717 3.08296C12.8343 3.20017 12.9001 3.35914 12.9001 3.5249V12.2749Z\" fill=\"#2DD4BF\"><\/path><path d=\"M9.95822 6.20804L7.2751 8.89116L6.46697 8.08304C6.34909 7.96919 6.19122 7.90619 6.02735 7.90762C5.86347 7.90904 5.70671 7.97477 5.59083 8.09065C5.47495 8.20653 5.40922 8.36329 5.4078 8.52716C5.40638 8.69104 5.46937 8.84891 5.58322 8.96679L6.83322 10.2168C6.95043 10.334 7.10937 10.3998 7.2751 10.3998C7.44082 10.3998 7.59977 10.334 7.71697 10.2168L10.842 7.09179C10.9558 6.97391 11.0188 6.81603 11.0174 6.65216C11.016 6.48829 10.9502 6.33153 10.8344 6.21565C10.7185 6.09977 10.5617 6.03404 10.3978 6.03262C10.234 6.03119 10.0761 6.09419 9.95822 6.20804Z\" fill=\"#2DD4BF\"><\/path><\/svg>\t\t\t\t\t\t<\/span>\n\t\t\t\t\t\t\t\t\t\t<span class=\"elementor-icon-list-text\">Asistencia t\u00e9cnica<\/span>\n\t\t\t\t\t\t\t\t\t<\/li>\n\t\t\t\t\t\t\t\t<li class=\"elementor-icon-list-item\">\n\t\t\t\t\t\t\t\t\t\t\t<span class=\"elementor-icon-list-icon\">\n\t\t\t\t\t\t\t<svg xmlns=\"http:\/\/www.w3.org\/2000\/svg\" width=\"16\" height=\"16\" viewbox=\"0 0 16 16\" fill=\"none\"><path d=\"M12.2751 1.6499H9.7751C9.60935 1.64994 9.45041 1.71581 9.33323 1.83303L7.9001 3.26615L6.46698 1.83303C6.34979 1.71581 6.19085 1.64994 6.0251 1.6499H3.5251C3.02782 1.6499 2.55091 1.84745 2.19928 2.19908C1.84764 2.55071 1.6501 3.02762 1.6501 3.5249V12.2749C1.6501 12.7722 1.84764 13.2491 2.19928 13.6007C2.55091 13.9524 3.02782 14.1499 3.5251 14.1499H12.2751C12.7724 14.1499 13.2493 13.9524 13.6009 13.6007C13.9526 13.2491 14.1501 12.7722 14.1501 12.2749V3.5249C14.1501 3.02762 13.9526 2.55071 13.6009 2.19908C13.2493 1.84745 12.7724 1.6499 12.2751 1.6499ZM12.9001 12.2749C12.9001 12.4407 12.8343 12.5996 12.717 12.7168C12.5998 12.8341 12.4409 12.8999 12.2751 12.8999H3.5251C3.35934 12.8999 3.20037 12.8341 3.08316 12.7168C2.96595 12.5996 2.9001 12.4407 2.9001 12.2749V3.5249C2.9001 3.35914 2.96595 3.20017 3.08316 3.08296C3.20037 2.96575 3.35934 2.8999 3.5251 2.8999H5.76635L7.45823 4.59178C7.57543 4.70895 7.73437 4.77477 7.9001 4.77477C8.06583 4.77477 8.22477 4.70895 8.34198 4.59178L10.0339 2.8999H12.2751C12.4409 2.8999 12.5998 2.96575 12.717 3.08296C12.8343 3.20017 12.9001 3.35914 12.9001 3.5249V12.2749Z\" fill=\"#2DD4BF\"><\/path><path d=\"M9.95822 6.20804L7.2751 8.89116L6.46697 8.08304C6.34909 7.96919 6.19122 7.90619 6.02735 7.90762C5.86347 7.90904 5.70671 7.97477 5.59083 8.09065C5.47495 8.20653 5.40922 8.36329 5.4078 8.52716C5.40638 8.69104 5.46937 8.84891 5.58322 8.96679L6.83322 10.2168C6.95043 10.334 7.10937 10.3998 7.2751 10.3998C7.44082 10.3998 7.59977 10.334 7.71697 10.2168L10.842 7.09179C10.9558 6.97391 11.0188 6.81603 11.0174 6.65216C11.016 6.48829 10.9502 6.33153 10.8344 6.21565C10.7185 6.09977 10.5617 6.03404 10.3978 6.03262C10.234 6.03119 10.0761 6.09419 9.95822 6.20804Z\" fill=\"#2DD4BF\"><\/path><\/svg>\t\t\t\t\t\t<\/span>\n\t\t\t\t\t\t\t\t\t\t<span class=\"elementor-icon-list-text\">Recursos de marketing<\/span>\n\t\t\t\t\t\t\t\t\t<\/li>\n\t\t\t\t\t\t\t\t<li class=\"elementor-icon-list-item\">\n\t\t\t\t\t\t\t\t\t\t\t<span class=\"elementor-icon-list-icon\">\n\t\t\t\t\t\t\t<svg xmlns=\"http:\/\/www.w3.org\/2000\/svg\" width=\"16\" height=\"16\" viewbox=\"0 0 16 16\" fill=\"none\"><path d=\"M12.2751 1.6499H9.7751C9.60935 1.64994 9.45041 1.71581 9.33323 1.83303L7.9001 3.26615L6.46698 1.83303C6.34979 1.71581 6.19085 1.64994 6.0251 1.6499H3.5251C3.02782 1.6499 2.55091 1.84745 2.19928 2.19908C1.84764 2.55071 1.6501 3.02762 1.6501 3.5249V12.2749C1.6501 12.7722 1.84764 13.2491 2.19928 13.6007C2.55091 13.9524 3.02782 14.1499 3.5251 14.1499H12.2751C12.7724 14.1499 13.2493 13.9524 13.6009 13.6007C13.9526 13.2491 14.1501 12.7722 14.1501 12.2749V3.5249C14.1501 3.02762 13.9526 2.55071 13.6009 2.19908C13.2493 1.84745 12.7724 1.6499 12.2751 1.6499ZM12.9001 12.2749C12.9001 12.4407 12.8343 12.5996 12.717 12.7168C12.5998 12.8341 12.4409 12.8999 12.2751 12.8999H3.5251C3.35934 12.8999 3.20037 12.8341 3.08316 12.7168C2.96595 12.5996 2.9001 12.4407 2.9001 12.2749V3.5249C2.9001 3.35914 2.96595 3.20017 3.08316 3.08296C3.20037 2.96575 3.35934 2.8999 3.5251 2.8999H5.76635L7.45823 4.59178C7.57543 4.70895 7.73437 4.77477 7.9001 4.77477C8.06583 4.77477 8.22477 4.70895 8.34198 4.59178L10.0339 2.8999H12.2751C12.4409 2.8999 12.5998 2.96575 12.717 3.08296C12.8343 3.20017 12.9001 3.35914 12.9001 3.5249V12.2749Z\" fill=\"#2DD4BF\"><\/path><path d=\"M9.95822 6.20804L7.2751 8.89116L6.46697 8.08304C6.34909 7.96919 6.19122 7.90619 6.02735 7.90762C5.86347 7.90904 5.70671 7.97477 5.59083 8.09065C5.47495 8.20653 5.40922 8.36329 5.4078 8.52716C5.40638 8.69104 5.46937 8.84891 5.58322 8.96679L6.83322 10.2168C6.95043 10.334 7.10937 10.3998 7.2751 10.3998C7.44082 10.3998 7.59977 10.334 7.71697 10.2168L10.842 7.09179C10.9558 6.97391 11.0188 6.81603 11.0174 6.65216C11.016 6.48829 10.9502 6.33153 10.8344 6.21565C10.7185 6.09977 10.5617 6.03404 10.3978 6.03262C10.234 6.03119 10.0761 6.09419 9.95822 6.20804Z\" fill=\"#2DD4BF\"><\/path><\/svg>\t\t\t\t\t\t<\/span>\n\t\t\t\t\t\t\t\t\t\t<span class=\"elementor-icon-list-text\">Territorios exclusivos<\/span>\n\t\t\t\t\t\t\t\t\t<\/li>\n\t\t\t\t\t\t<\/ul>\n\t\t\t\t\t\t<\/div>\n\t\t\t\t<div class=\"elementor-element elementor-element-a2cb4f8 elementor-mobile-align-justify elementor-widget elementor-widget-button\" data-id=\"a2cb4f8\" data-element_type=\"widget\" data-e-type=\"widget\" data-widget_type=\"button.default\">\n\t\t\t\t\t\t\t\t\t\t<a class=\"elementor-button elementor-button-link elementor-size-sm\" href=\"https:\/\/capzul.net\/es\/solutions\/\">\n\t\t\t\t\t\t<span class=\"elementor-button-content-wrapper\">\n\t\t\t\t\t\t\t\t\t<span class=\"elementor-button-text\">M\u00e1s informaci\u00f3n<\/span>\n\t\t\t\t\t<\/span>\n\t\t\t\t\t<\/a>\n\t\t\t\t\t\t\t\t<\/div>\n\t\t\t\t<\/div>\n\t\t\t\t<\/div>\n\t\t\t\t\t<\/div>\n\t\t\t\t<\/div>\n\t\t\t\t<\/div>\n\t\t","protected":false},"excerpt":{"rendered":"<p>Socio de licencias de Capzul Technology: oportunidades exclusivas de licencia para proveedores de servicios gestionados (MSP) e integradores de sistemas, con el fin de ofrecer a sus clientes la revolucionaria tecnolog\u00eda de invisibilidad de Capzul. Licencias Soluciones de marca blanca Formaci\u00f3n completa Asistencia t\u00e9cnica Recursos de marketing Territorios exclusivos M\u00e1s informaci\u00f3n<\/p>\n","protected":false},"author":1,"featured_media":0,"parent":0,"menu_order":0,"comment_status":"closed","ping_status":"closed","template":"","meta":{"footnotes":""},"class_list":["post-1000","page","type-page","status-publish","hentry"],"_links":{"self":[{"href":"https:\/\/capzul.net\/wp-json\/wp\/v2\/pages\/1000","targetHints":{"allow":["GET"]}}],"collection":[{"href":"https:\/\/capzul.net\/wp-json\/wp\/v2\/pages"}],"about":[{"href":"https:\/\/capzul.net\/wp-json\/wp\/v2\/types\/page"}],"author":[{"embeddable":true,"href":"https:\/\/capzul.net\/wp-json\/wp\/v2\/users\/1"}],"replies":[{"embeddable":true,"href":"https:\/\/capzul.net\/wp-json\/wp\/v2\/comments?post=1000"}],"version-history":[{"count":7,"href":"https:\/\/capzul.net\/wp-json\/wp\/v2\/pages\/1000\/revisions"}],"predecessor-version":[{"id":2489,"href":"https:\/\/capzul.net\/wp-json\/wp\/v2\/pages\/1000\/revisions\/2489"}],"wp:attachment":[{"href":"https:\/\/capzul.net\/wp-json\/wp\/v2\/media?parent=1000"}],"curies":[{"name":"wp","href":"https:\/\/api.w.org\/{rel}","templated":true}]}}